{"id":4725,"date":"2022-06-20T13:29:06","date_gmt":"2022-06-20T13:29:06","guid":{"rendered":"http:\/\/www.csu.uy\/?page_id=4725"},"modified":"2023-07-27T16:02:30","modified_gmt":"2023-07-27T16:02:30","slug":"boks","status":"publish","type":"page","link":"https:\/\/www.csu.uy\/po\/boks\/","title":{"rendered":"BOKS"},"content":{"rendered":"<p>[vc_row full_width=&#8221;stretch_row&#8221; full_height=&#8221;yes&#8221; columns_placement=&#8221;top&#8221; content_placement=&#8221;top&#8221; background_color=&#8221;custom&#8221; lg_spacing=&#8221;padding_top:70;padding_bottom:70&#8243; gutter=&#8221;md:30;lg:60&#8243; custom_background_color=&#8221;#ededed&#8221;][vc_column width=&#8221;1\/4&#8243;][tm_image image=&#8221;5114&#8243; sm_spacing=&#8221;margin_right:0&#8243; rounded=&#8221;5&#8243;][\/vc_column][vc_column width=&#8221;3\/4&#8243;][vc_column_text]A CSU \u00e9 membro independente da BOKS International, uma alian\u00e7a global de firmas especializadas com mais de 65 firmas-membro com garantia de qualidade em mais de 46 pa\u00edses ao redor do mundo. Com uma presen\u00e7a global em r\u00e1pido crescimento, sua oferta de servi\u00e7os transfronteiri\u00e7os facilita as opera\u00e7\u00f5es internacionais para empresas de todos os tamanhos e ambi\u00e7\u00f5es.<\/p>\n<p>A BOKS International foi formada com o objetivo de apoiar as empresas em seu desenvolvimento internacional, cada membro tem o compromisso de oferecer excelente qualidade em todos os aspectos de sua participa\u00e7\u00e3o.<\/p>\n<p>Os membros da BOKS International foram cuidadosamente selecionados com base em uma s\u00e9rie de crit\u00e9rios-chave. Estes incluem o foco na qualidade em todos os aspectos do seu neg\u00f3cio, a ades\u00e3o aos padr\u00f5es internacionais de qualidade, uma abordagem proativa dos neg\u00f3cios nacionais e um verdadeiro dinamismo evidente atrav\u00e9s do seu crescimento sustentado.\u00a0<a href=\"https:\/\/www.boks-international.com\/map-embed\/\">https:\/\/www.boks-international.com\/map-embed\/<\/a><\/p>\n<p>As firmas-membro devem demonstrar um hist\u00f3rico verific\u00e1vel no tratamento de tarefas multinacionais e internacionais e suas capacidades s\u00e3o verificadas por meio de um processo de dilig\u00eancia devida antes de ingressar. Os membros existentes tamb\u00e9m est\u00e3o sujeitos \u00e0 dilig\u00eancia devida em uma base ad hoc.[\/vc_column_text][\/vc_column][\/vc_row]<\/p>","protected":false},"excerpt":{"rendered":"<p>[vc_row full_width=&#8221;stretch_row&#8221; full_height=&#8221;yes&#8221; columns_placement=&#8221;top&#8221; content_placement=&#8221;top&#8221; background_color=&#8221;custom&#8221; lg_spacing=&#8221;padding_top:70;padding_bottom:70&#8243; gutter=&#8221;md:30;lg:60&#8243; custom_background_color=&#8221;#ededed&#8221;][vc_column width=&#8221;1\/4&#8243;][tm_image image=&#8221;5114&#8243; sm_spacing=&#8221;margin_right:0&#8243; rounded=&#8221;5&#8243;][\/vc_column][vc_column width=&#8221;3\/4&#8243;][vc_column_text]A CSU \u00e9 membro independente da BOKS International, uma alian\u00e7a global de firmas especializadas com mais de 65 firmas-membro com garantia de qualidade em mais de 46 pa\u00edses ao redor do mundo. Com uma presen\u00e7a global em r\u00e1pido crescimento, sua oferta de servi\u00e7os transfronteiri\u00e7os facilita as opera\u00e7\u00f5es internacionais para empresas de todos os tamanhos e ambi\u00e7\u00f5es. A BOKS International foi formada com o objetivo de apoiar as empresas em seu desenvolvimento internacional, cada membro tem o compromisso de oferecer excelente qualidade em todos os aspectos de sua participa\u00e7\u00e3o. Os membros da BOKS International foram cuidadosamente selecionados com base em uma s\u00e9rie de crit\u00e9rios-chave. Estes incluem o foco na qualidade em todos os aspectos do seu neg\u00f3cio, a ades\u00e3o aos padr\u00f5es internacionais de qualidade, uma abordagem proativa dos neg\u00f3cios nacionais e um verdadeiro dinamismo evidente atrav\u00e9s do seu crescimento sustentado.\u00a0https:\/\/www.boks-international.com\/map-embed\/ As firmas-membro devem demonstrar um hist\u00f3rico verific\u00e1vel no tratamento de tarefas multinacionais e internacionais e suas capacidades s\u00e3o verificadas por meio de um processo de dilig\u00eancia devida antes de ingressar. Os membros existentes tamb\u00e9m est\u00e3o sujeitos \u00e0 dilig\u00eancia devida em uma base ad hoc.[\/vc_column_text][\/vc_column][\/vc_row]<\/p>\n","protected":false},"author":1,"featured_media":0,"parent":0,"menu_order":14,"comment_status":"closed","ping_status":"closed","template":"","meta":{"footnotes":""},"class_list":["post-4725","page","type-page","status-publish","hentry"],"_links":{"self":[{"href":"https:\/\/www.csu.uy\/po\/wp-json\/wp\/v2\/pages\/4725","targetHints":{"allow":["GET"]}}],"collection":[{"href":"https:\/\/www.csu.uy\/po\/wp-json\/wp\/v2\/pages"}],"about":[{"href":"https:\/\/www.csu.uy\/po\/wp-json\/wp\/v2\/types\/page"}],"author":[{"embeddable":true,"href":"https:\/\/www.csu.uy\/po\/wp-json\/wp\/v2\/users\/1"}],"replies":[{"embeddable":true,"href":"https:\/\/www.csu.uy\/po\/wp-json\/wp\/v2\/comments?post=4725"}],"version-history":[{"count":17,"href":"https:\/\/www.csu.uy\/po\/wp-json\/wp\/v2\/pages\/4725\/revisions"}],"predecessor-version":[{"id":5117,"href":"https:\/\/www.csu.uy\/po\/wp-json\/wp\/v2\/pages\/4725\/revisions\/5117"}],"wp:attachment":[{"href":"https:\/\/www.csu.uy\/po\/wp-json\/wp\/v2\/media?parent=4725"}],"curies":[{"name":"wp","href":"https:\/\/api.w.org\/{rel}","templated":true}]}}